{"id":1744,"date":"2020-11-05T06:57:53","date_gmt":"2020-11-05T07:57:53","guid":{"rendered":"http:\/\/aldoradoor.com\/tr\/?post_type=product&#038;p=1744"},"modified":"2020-12-31T11:09:53","modified_gmt":"2020-12-31T12:09:53","slug":"celik-kapi-kodu-s-501-2","status":"publish","type":"product","link":"https:\/\/aldoradoor.com\/tr\/product\/celik-kapi-kodu-s-501-2\/","title":{"rendered":"\u00c7elik kap\u0131 Kodu S 501"},"content":{"rendered":"<p style=\"text-align: justify;\">\u00c7elik kap\u0131lar \u00e7e\u015fitli malzeme ve tasar\u0131mlarda \u00fcretilmektedir . Evinize ve i\u015fyerinize uygun bir kap\u0131 se\u00e7mek i\u00e7in \u00f6ncelikle \u00c7elik kap\u0131 ihtiyac\u0131n\u0131z\u0131 bilmeli ve buna g\u00f6re haz\u0131rlanmal\u0131s\u0131n\u0131z . Bu kap\u0131lar evin g\u00fcvenli\u011fini sa\u011flaman\u0131n yan\u0131 s\u0131ra yang\u0131na dayan\u0131kl\u0131l\u0131k , g\u00fcne\u015f \u0131\u015f\u0131\u011f\u0131na , s\u0131ca\u011fa ve so\u011fu\u011fa , nem ve sese kar\u015f\u0131 yal\u0131t\u0131m gibi di\u011fer \u00f6zelliklere de sahiptir .<\/p>\n<p style=\"text-align: justify;\">Kap\u0131larda kullan\u0131lan malzeme ve \u00a0ba\u011flant\u0131 par\u00e7alar\u0131 da kap\u0131 al\u0131rken dikkat edilmesi gereken noktalardand\u0131r. \u00c7elik kap\u0131 donan\u0131mlar\u0131 kilitler , kap\u0131 kollar\u0131 , kap\u0131 mente\u015feleri , kap\u0131 tokma\u011f\u0131 , kap\u0131 g\u00f6z\u00fc ve \u2026 her biri \u00e7e\u015fitli modellerde \u00fcretilen ve kap\u0131lara insanlar\u0131n zevkine ve ortam\u0131n dekorasyonuna g\u00f6re monte edilen kilitleri i\u00e7erir .<\/p>\n<p style=\"text-align: justify;\">Aldora \u00c7elik kap\u0131 kompanisi , m\u00fchendislerin bilgi birikimlerinin yan\u0131 s\u0131ra g\u00fcncel teknoloji ve ekipmanlar\u0131n kullan\u0131m\u0131na g\u00fcvenerek , y\u0131llar\u0131n tecr\u00fcbesi , deneyimli ve profesyonel kadrosu ile binalar\u0131n , ticari komplekslerin ve benzeri g\u00fcvenliklerin sa\u011flanmas\u0131 ve en iyi hizmeti sunma konusunda b\u00fcy\u00fck bir ad\u0131m atm\u0131\u015ft\u0131r. Sat\u0131\u015f sonras\u0131 her zaman m\u00fc\u015fteri memnuniyetini kazanm\u0131\u015ft\u0131r .<\/p>\n","protected":false},"excerpt":{"rendered":"<p style=\"text-align: justify;\"><strong>Aldora \u00c7elik kap\u0131<\/strong><\/p>\n<p style=\"text-align: justify;\">Aldora \u00c7elik kap\u0131 , evlerin veya i\u015f yerlerinin g\u00fcvenli\u011fini sa\u011flamak i\u00e7in ilk tercihtir . \u00c7elik kap\u0131n\u0131n en \u00f6nemli \u00f6zelli\u011fi bu kap\u0131lar\u0131n h\u0131rs\u0131zlara kar\u015f\u0131 g\u00fcvenli\u011fidir . Kullan\u0131lan ba\u011flant\u0131 par\u00e7alar\u0131 d\u00fcnyan\u0131n en iyi ve en g\u00fcvenilir ba\u011flant\u0131 par\u00e7alar\u0131ndan<\/p>\n<p style=\"text-align: justify;\">biri olan T\u00fcrk markas\u0131 <strong>Kale<\/strong> dir .<\/p>\n<p style=\"text-align: justify;\">Aldora \u00c7elik kap\u0131 , G\u00f6r\u00fcn\u00fc\u015f\u00fcn g\u00fczelli\u011finin yan\u0131 s\u0131ra h\u0131rs\u0131zlara ve di\u011fer h\u0131rs\u0131z ara\u00e7lar\u0131na dayanabilecek g\u00fc\u00e7l\u00fc bir i\u00e7 yap\u0131ya sahiptir . Aldora markas\u0131nda evinize en uygun \u00c7elik kap\u0131 modelini bulabilirsiniz . Evde keyifli vakit ge\u00e7irme ve kolayl\u0131kla seyahat etme f\u0131rsat\u0131na sahip olun .<\/p>\n<p style=\"text-align: justify;\"><strong>Aldora kap\u0131lar ile g\u00fcvenli\u011fi art\u0131r\u0131n<\/strong><\/p>\n<p style=\"text-align: justify;\">\u00d6zel ya\u015fam alan\u0131 herkes i\u00e7in \u00e7ok \u00f6nemli oldu\u011fu i\u00e7in g\u00fcvenlik de ayn\u0131 derecede \u00f6nemlidir . Aldora \u00c7elik kap\u0131 \u00fcretiminde \u00f6zel standartlar\u0131 g\u00f6zeterek kap\u0131y\u0131 \u0131s\u0131 , nem ve sese kar\u015f\u0131 yal\u0131t\u0131p , Kilit , mente\u015fe veya g\u00f6vdenin tahrip olmas\u0131n\u0131 engelleyip ve nihayeten h\u0131rs\u0131z\u0131n istedi\u011fi yere girmesine engel oluyor .<\/p>\n<p style=\"text-align: justify;\">Aldora Holding ile hem tasar\u0131m hem de g\u00fcvenlik a\u00e7\u0131s\u0131ndan \u00fcst\u00fcn olan bir \u00fcr\u00fcne sahip olma \u015fans\u0131na sahip olacaks\u0131n\u0131z .<\/p>\n<p style=\"text-align: justify;\">Aldora kap\u0131 \u015eirketi , T\u00fcrkiye&#8217;nin g\u00fcncel otomatik \u00fcretim hatt\u0131n\u0131 kullanarak \u00c7e\u015fitli tiplerde T\u00fcrk \u00c7elik kap\u0131 \u00e7e\u015fitlerini kalite ve \u00e7e\u015fitlilikle sunman\u0131n yan\u0131 s\u0131ra benzersiz sat\u0131\u015f sonras\u0131 hizmetler sunarak di\u011fer \u00fclkelere kap\u0131 \u00fcretimi ve ihracat\u0131 i\u00e7in pazar\u0131n \u00f6nemli bir pay\u0131na sahip olmu\u015ftur .<\/p>\n<p style=\"text-align: justify;\"><strong>Aldora \u00c7elik kap\u0131y\u0131 kullanman\u0131n avantajlar\u0131 <\/strong><\/p>\n<ul>\n<li style=\"text-align: justify;\">Standart \u00f6l\u00e7\u00fcler<\/li>\n<li style=\"text-align: justify;\">standart kal\u0131nl\u0131klar<\/li>\n<li style=\"text-align: justify;\">prosed\u00fcr\u00fcn t\u00fcr\u00fcne g\u00f6re fiyat de\u011fi\u015fimi<\/li>\n<li style=\"text-align: justify;\">ses ve \u0131s\u0131 yal\u0131t\u0131m\u0131<\/li>\n<li style=\"text-align: justify;\">paslanmaz \u00e7elik<\/li>\n<li style=\"text-align: justify;\">su ve so\u011fuk ge\u00e7irmez<\/li>\n<li style=\"text-align: justify;\">kaliteli ve emniyetli ba\u011flant\u0131 par\u00e7alar\u0131<\/li>\n<li style=\"text-align: justify;\">kolay montaj<\/li>\n<li style=\"text-align: justify;\">\u00e7e\u015fitlilik ve g\u00fczellik<\/li>\n<li style=\"text-align: justify;\">y\u00fcksek g\u00fcvenlik ve dayan\u0131kl\u0131l\u0131k<\/li>\n<\/ul>\n","protected":false},"featured_media":1745,"template":"","meta":[],"product_brand":[],"product_cat":[528,521,525,527],"product_tag":[589,587,590,588],"class_list":{"0":"post-1744","1":"product","2":"type-product","3":"status-publish","4":"has-post-thumbnail","6":"product_cat-tek-kapi","7":"product_cat-celik-kapi","8":"product_cat-s-serisi","9":"product_cat-ozel-yapilmis","10":"product_tag-aldora-celik-kapi","11":"product_tag-celik-kapi","12":"product_tag-luks-celik-kapi","13":"product_tag-mdf-celik-kapi","15":"first","16":"instock","17":"shipping-taxable","18":"product-type-simple","19":"prodpage-style2"},"_links":{"self":[{"href":"https:\/\/aldoradoor.com\/tr\/wp-json\/wp\/v2\/product\/1744","targetHints":{"allow":["GET"]}}],"collection":[{"href":"https:\/\/aldoradoor.com\/tr\/wp-json\/wp\/v2\/product"}],"about":[{"href":"https:\/\/aldoradoor.com\/tr\/wp-json\/wp\/v2\/types\/product"}],"wp:featuredmedia":[{"embeddable":true,"href":"https:\/\/aldoradoor.com\/tr\/wp-json\/wp\/v2\/media\/1745"}],"wp:attachment":[{"href":"https:\/\/aldoradoor.com\/tr\/wp-json\/wp\/v2\/media?parent=1744"}],"wp:term":[{"taxonomy":"product_brand","embeddable":true,"href":"https:\/\/aldoradoor.com\/tr\/wp-json\/wp\/v2\/product_brand?post=1744"},{"taxonomy":"product_cat","embeddable":true,"href":"https:\/\/aldoradoor.com\/tr\/wp-json\/wp\/v2\/product_cat?post=1744"},{"taxonomy":"product_tag","embeddable":true,"href":"https:\/\/aldoradoor.com\/tr\/wp-json\/wp\/v2\/product_tag?post=1744"}],"curies":[{"name":"wp","href":"https:\/\/api.w.org\/{rel}","templated":true}]}}